 








{"id":299,"date":"2017-09-20T12:51:25","date_gmt":"2017-09-20T12:51:25","guid":{"rendered":"http:\/\/cifglobal.com\/quotes\/"},"modified":"2018-02-08T09:58:59","modified_gmt":"2018-02-08T09:58:59","slug":"quotes","status":"publish","type":"page","link":"https:\/\/cifglobal.com\/es\/quotes\/","title":{"rendered":"Cotizacion"},"content":{"rendered":"<div class=\"fusion-fullwidth fullwidth-box nonhundred-percent-fullwidth non-hundred-percent-height-scrolling\"  style='background-color: rgba(255,255,255,0);background-position: center center;background-repeat: no-repeat;padding-top:0px;padding-right:0px;padding-bottom:0px;padding-left:0px;'><div class=\"fusion-builder-row fusion-row \"><div  class=\"fusion-layout-column fusion_builder_column fusion_builder_column_1_1  fusion-one-full fusion-column-first fusion-column-last comming-soon 1_1\"  style='margin-top:50px;margin-bottom:50px;'>\n\t\t\t\t\t<div class=\"fusion-column-wrapper\" style=\"padding: 0px 0px 0px 0px;background-position:left top;background-repeat:no-repeat;-webkit-background-size:cover;-moz-background-size:cover;-o-background-size:cover;background-size:cover;\"  data-bg-url=\"\">\n\t\t\t\t\t\t<div class=\"fusion-title title fusion-sep-none fusion-title-center fusion-title-size-two\" style=\"margin-top:0px;margin-bottom:0px;\"><h2 class=\"title-heading-center\">PR\u00d3XIMAMENTE<\/h2><\/div><div class=\"fusion-text\"><h5>\u00a1Prep\u00e1rese! Nuestra pr\u00e1ctica herramienta de cotizaciones ya casi est\u00e1 aqu\u00ed.<\/h5>\n<p>Estamos trabajando en una excelente herramienta de cotizaciones que ofrece una manera pr\u00e1ctica de permitirle saber el costo de nuestros servicios seg\u00fan la informaci\u00f3n de su carga, con el clic de un bot\u00f3n. Debe salir en cualquier momento. Si usted desea saber en cuanto est\u00e9 en l\u00ednea, perm\u00edtanos notific\u00e1rselo. Simplemente, ingrese su direcci\u00f3n de correo electr\u00f3nico y clique en el siguiente bot\u00f3n.<\/p>\n<\/div><div class=\"fusion-text\"><div role=\"form\" class=\"wpcf7\" id=\"wpcf7-f1555-o1\" lang=\"en-US\" dir=\"ltr\">\n<div class=\"screen-reader-response\"><\/div>\n<form action=\"\/es\/wp-json\/wp\/v2\/pages\/299#wpcf7-f1555-o1\" method=\"post\" class=\"wpcf7-form\" novalidate=\"novalidate\">\n<div style=\"display: none;\">\n<input type=\"hidden\" name=\"_wpcf7\" value=\"1555\" \/>\n<input type=\"hidden\" name=\"_wpcf7_version\" value=\"5.0.2\" \/>\n<input type=\"hidden\" name=\"_wpcf7_locale\" value=\"en_US\" \/>\n<input type=\"hidden\" name=\"_wpcf7_unit_tag\" value=\"wpcf7-f1555-o1\" \/>\n<input type=\"hidden\" name=\"_wpcf7_container_post\" value=\"0\" \/>\n<\/div>\n<p><span class=\"wpcf7-form-control-wrap your-email\"><input type=\"email\" name=\"your-email\" value=\"\" size=\"40\" class=\"wpcf7-form-control wpcf7-text wpcf7-email wpcf7-validates-as-required wpcf7-validates-as-email\" aria-required=\"true\" aria-invalid=\"false\" placeholder=\"Correo electr\u00f3nico\" \/><\/span><input type=\"submit\" value=\"NOTIF\u00cdQUEME\" class=\"wpcf7-form-control wpcf7-submit\" \/><\/p>\n<input type=\"hidden\" id=\"ct_checkjs_cf7_158f3069a435b314a80bdcb024f8e422\" name=\"ct_checkjs_cf7\" value=\"0\" \/><script type=\"text\/javascript\" >setTimeout(function(){var ct_input_name = \"ct_checkjs_cf7_158f3069a435b314a80bdcb024f8e422\";if (document.getElementById(ct_input_name) !== null) {var ct_input_value = document.getElementById(ct_input_name).value;document.getElementById(ct_input_name).value = document.getElementById(ct_input_name).value.replace(ct_input_value, 'dba2d6e1f0de2e3152754e09c70ba165ede1005eef33e9729345752424b7dba1');}}, 1000);<\/script><input \n        id=\"apbct__email_id__wp_contact_form_7_48372\" \n        class=\"apbct_special_field apbct__email_id__wp_contact_form_7\"\n        autocomplete=\"off\" \n        name=\"apbct__email_id__wp_contact_form_7_48372\"  \n        type=\"text\" \n        value=\"\" \n        size=\"30\" \n        maxlength=\"200\" \n    \/><input \n        id=\"apbct_event_id\"\n        class=\"apbct_special_field\"\n        name=\"apbct_event_id\"\n        type=\"hidden\" \n        value=\"48372\" \n            \/><div class=\"wpcf7-response-output wpcf7-display-none\"><\/div><\/form><\/div>\n<\/div><div class=\"fusion-clearfix\"><\/div>\n\n\t\t\t\t\t<\/div>\n\t\t\t\t<\/div><\/div><\/div>\n","protected":false},"excerpt":{"rendered":"","protected":false},"author":3,"featured_media":0,"parent":0,"menu_order":0,"comment_status":"closed","ping_status":"closed","template":"","meta":[],"yoast_head":"<!-- This site is optimized with the Yoast SEO plugin v19.5.1 - https:\/\/yoast.com\/wordpress\/plugins\/seo\/ -->\n<title>Cotizacion - Concepts in Freight, Inc.<\/title>\n<meta name=\"robots\" content=\"index, follow, max-snippet:-1, max-image-preview:large, max-video-preview:-1\" \/>\n<link rel=\"canonical\" href=\"https:\/\/cifglobal.com\/es\/quotes\/\" \/>\n<meta property=\"og:locale\" content=\"es_ES\" \/>\n<meta property=\"og:type\" content=\"article\" \/>\n<meta property=\"og:title\" content=\"Cotizacion - Concepts in Freight, Inc.\" \/>\n<meta property=\"og:url\" content=\"https:\/\/cifglobal.com\/es\/quotes\/\" \/>\n<meta property=\"og:site_name\" content=\"Concepts in Freight, Inc.\" \/>\n<meta property=\"article:modified_time\" content=\"2018-02-08T09:58:59+00:00\" \/>\n<meta name=\"twitter:card\" content=\"summary_large_image\" \/>\n<meta name=\"twitter:label1\" content=\"Tiempo de lectura\" \/>\n\t<meta name=\"twitter:data1\" content=\"2 minutos\" \/>\n<script type=\"application\/ld+json\" class=\"yoast-schema-graph\">{\"@context\":\"https:\/\/schema.org\",\"@graph\":[{\"@type\":\"WebPage\",\"@id\":\"https:\/\/cifglobal.com\/es\/quotes\/\",\"url\":\"https:\/\/cifglobal.com\/es\/quotes\/\",\"name\":\"Cotizacion - Concepts in Freight, Inc.\",\"isPartOf\":{\"@id\":\"https:\/\/cifglobal.com\/#website\"},\"datePublished\":\"2017-09-20T12:51:25+00:00\",\"dateModified\":\"2018-02-08T09:58:59+00:00\",\"breadcrumb\":{\"@id\":\"https:\/\/cifglobal.com\/es\/quotes\/#breadcrumb\"},\"inLanguage\":\"es\",\"potentialAction\":[{\"@type\":\"ReadAction\",\"target\":[\"https:\/\/cifglobal.com\/es\/quotes\/\"]}]},{\"@type\":\"BreadcrumbList\",\"@id\":\"https:\/\/cifglobal.com\/es\/quotes\/#breadcrumb\",\"itemListElement\":[{\"@type\":\"ListItem\",\"position\":1,\"name\":\"Home\",\"item\":\"https:\/\/cifglobal.com\/es\/\"},{\"@type\":\"ListItem\",\"position\":2,\"name\":\"Cotizacion\"}]},{\"@type\":\"WebSite\",\"@id\":\"https:\/\/cifglobal.com\/#website\",\"url\":\"https:\/\/cifglobal.com\/\",\"name\":\"Concepts in Freight, Inc.\",\"description\":\"\",\"potentialAction\":[{\"@type\":\"SearchAction\",\"target\":{\"@type\":\"EntryPoint\",\"urlTemplate\":\"https:\/\/cifglobal.com\/?s={search_term_string}\"},\"query-input\":\"required name=search_term_string\"}],\"inLanguage\":\"es\"}]}<\/script>\n<!-- \/ Yoast SEO plugin. -->","yoast_head_json":{"title":"Cotizacion - Concepts in Freight, Inc.","robots":{"index":"index","follow":"follow","max-snippet":"max-snippet:-1","max-image-preview":"max-image-preview:large","max-video-preview":"max-video-preview:-1"},"canonical":"https:\/\/cifglobal.com\/es\/quotes\/","og_locale":"es_ES","og_type":"article","og_title":"Cotizacion - Concepts in Freight, Inc.","og_url":"https:\/\/cifglobal.com\/es\/quotes\/","og_site_name":"Concepts in Freight, Inc.","article_modified_time":"2018-02-08T09:58:59+00:00","twitter_card":"summary_large_image","twitter_misc":{"Tiempo de lectura":"2 minutos"},"schema":{"@context":"https:\/\/schema.org","@graph":[{"@type":"WebPage","@id":"https:\/\/cifglobal.com\/es\/quotes\/","url":"https:\/\/cifglobal.com\/es\/quotes\/","name":"Cotizacion - Concepts in Freight, Inc.","isPartOf":{"@id":"https:\/\/cifglobal.com\/#website"},"datePublished":"2017-09-20T12:51:25+00:00","dateModified":"2018-02-08T09:58:59+00:00","breadcrumb":{"@id":"https:\/\/cifglobal.com\/es\/quotes\/#breadcrumb"},"inLanguage":"es","potentialAction":[{"@type":"ReadAction","target":["https:\/\/cifglobal.com\/es\/quotes\/"]}]},{"@type":"BreadcrumbList","@id":"https:\/\/cifglobal.com\/es\/quotes\/#breadcrumb","itemListElement":[{"@type":"ListItem","position":1,"name":"Home","item":"https:\/\/cifglobal.com\/es\/"},{"@type":"ListItem","position":2,"name":"Cotizacion"}]},{"@type":"WebSite","@id":"https:\/\/cifglobal.com\/#website","url":"https:\/\/cifglobal.com\/","name":"Concepts in Freight, Inc.","description":"","potentialAction":[{"@type":"SearchAction","target":{"@type":"EntryPoint","urlTemplate":"https:\/\/cifglobal.com\/?s={search_term_string}"},"query-input":"required name=search_term_string"}],"inLanguage":"es"}]}},"_links":{"self":[{"href":"https:\/\/cifglobal.com\/es\/wp-json\/wp\/v2\/pages\/299"}],"collection":[{"href":"https:\/\/cifglobal.com\/es\/wp-json\/wp\/v2\/pages"}],"about":[{"href":"https:\/\/cifglobal.com\/es\/wp-json\/wp\/v2\/types\/page"}],"author":[{"embeddable":true,"href":"https:\/\/cifglobal.com\/es\/wp-json\/wp\/v2\/users\/3"}],"replies":[{"embeddable":true,"href":"https:\/\/cifglobal.com\/es\/wp-json\/wp\/v2\/comments?post=299"}],"version-history":[{"count":0,"href":"https:\/\/cifglobal.com\/es\/wp-json\/wp\/v2\/pages\/299\/revisions"}],"wp:attachment":[{"href":"https:\/\/cifglobal.com\/es\/wp-json\/wp\/v2\/media?parent=299"}],"curies":[{"name":"wp","href":"https:\/\/api.w.org\/{rel}","templated":true}]}}